{"id":34,"date":"2023-12-21T00:26:46","date_gmt":"2023-12-20T23:26:46","guid":{"rendered":"https:\/\/labananemusicale.fr\/?page_id=34"},"modified":"2025-08-27T12:49:13","modified_gmt":"2025-08-27T10:49:13","slug":"les-spectacles-2","status":"publish","type":"page","link":"https:\/\/labananemusicale.fr\/index.php\/les-spectacles-2\/","title":{"rendered":"Les spectacles"},"content":{"rendered":"\n<div class=\"container section-title-container\" ><h2 class=\"section-title section-title-center\"><b><\/b><span class=\"section-title-main\" >Les spectacles<\/span><b><\/b><\/h2><\/div>\n\n<div class=\"row\"  id=\"row-1845575413\">\n\n\n\t<div id=\"col-11912195\" class=\"col medium-5 small-12 large-5\"  >\n\t\t\t\t<div class=\"col-inner\"  >\n\t\t\t\n\t\t\t\n\n\t<div class=\"img has-hover x md-x lg-x y md-y lg-y\" id=\"image_1439940692\">\n\t\t\t\t\t\t\t\t<div class=\"img-inner dark\" >\n\t\t\t<img loading=\"lazy\" decoding=\"async\" width=\"971\" height=\"1024\" src=\"https:\/\/labananemusicale.fr\/wp-content\/uploads\/2025\/08\/1739210532_d5043695f8e723d04eba-971x1024.webp\" class=\"attachment-large size-large\" alt=\"\" srcset=\"https:\/\/labananemusicale.fr\/wp-content\/uploads\/2025\/08\/1739210532_d5043695f8e723d04eba-971x1024.webp 971w, https:\/\/labananemusicale.fr\/wp-content\/uploads\/2025\/08\/1739210532_d5043695f8e723d04eba-285x300.webp 285w, https:\/\/labananemusicale.fr\/wp-content\/uploads\/2025\/08\/1739210532_d5043695f8e723d04eba-768x810.webp 768w, https:\/\/labananemusicale.fr\/wp-content\/uploads\/2025\/08\/1739210532_d5043695f8e723d04eba-1457x1536.webp 1457w, https:\/\/labananemusicale.fr\/wp-content\/uploads\/2025\/08\/1739210532_d5043695f8e723d04eba.webp 1744w\" sizes=\"auto, (max-width: 971px) 100vw, 971px\" \/>\t\t\t\t\t\t\n\t\t\t\t\t<\/div>\n\t\t\t\t\t\t\t\t\n<style>\n#image_1439940692 {\n  width: 100%;\n}\n<\/style>\n\t<\/div>\n\t\n\n\n\t\t<\/div>\n\t\t\t\t\t<\/div>\n\n\t\n\n\t<div id=\"col-1936906897\" class=\"col medium-7 small-12 large-7\"  >\n\t\t\t\t<div class=\"col-inner\"  >\n\t\t\t\n\t\t\t\n\n\t<div id=\"text-1796379595\" class=\"text\">\n\t\t\n\n<h2 class=\"uppercase\">SAISON 2024-2025<\/h2>\n\t\t\n<style>\n#text-1796379595 {\n  text-align: center;\n}\n<\/style>\n\t<\/div>\n\t\n\t<div id=\"gap-166066029\" class=\"gap-element clearfix\" style=\"display:block; height:auto;\">\n\t\t\n<style>\n#gap-166066029 {\n  padding-top: 30px;\n}\n<\/style>\n\t<\/div>\n\t\n\n\t<div id=\"gap-647128846\" class=\"gap-element clearfix\" style=\"display:block; height:auto;\">\n\t\t\n<style>\n#gap-647128846 {\n  padding-top: 30px;\n}\n<\/style>\n\t<\/div>\n\t\n\n<p><strong>SYNOPSIS :<\/strong> Leyoh, Amy et Natalie vivent en colocation depuis 5 ans maintenant. La coloc de la Banane ils s&rsquo;appellent, en r\u00e9f\u00e9rence \u00e0 cette association de com\u00e9die musicale dont ils ont fait parti durant leurs \u00e9tudes. Rapidement ils ont su trouv\u00e9 un \u00e9quilibre de vie, en prenant le soin d&rsquo;\u00e9riger plusieurs r\u00e8gles pour que la cohabitation se d\u00e9roule pour le mieux. Mais voil\u00e0, apr\u00e8s ces ann\u00e9es, la routine et l&rsquo;ennuie se sont install\u00e9s dans leur vie. Alors ils ont eu une id\u00e9e : exploiter les 2 chambres d&rsquo;amis inutilis\u00e9s depuis bien trop longtemps pour h\u00e9berger 2 nouvelles personnes. Une colocation \u00e0 5, \u00e7a devrait ramener de la vie ! Et c&rsquo;est comme \u00e7a que Norah, et Evi s&rsquo;installent dans la coloc.<br \/>Accompagn\u00e9s par Titouan, le meilleur ami de Leyoh, ils vont apport\u00e9s un vent de fraicheur<br \/>capable de faire fl\u00e9chir l\u2019\u00e9quilibre si fragile de la cohabitation, et&#8230; attention aux d\u00e9g\u00e2ts !<\/p>\n<p><strong>Dur\u00e9e :<\/strong> 1h40<\/p>\n<p><strong>Nombre d&rsquo;artistes sur sc\u00e8ne :<\/strong> 6<\/p>\n<p><strong>Musiques :<\/strong> La La Land, The greatest Showman, Rent, Dear Evan Hanson, etc.<\/p>\n<p><strong>Nombre de chor\u00e9graphies :<\/strong> 2<\/p>\n\n\t<div id=\"gap-1989779421\" class=\"gap-element clearfix\" style=\"display:block; height:auto;\">\n\t\t\n<style>\n#gap-1989779421 {\n  padding-top: 60px;\n}\n<\/style>\n\t<\/div>\n\t\n\n<div class=\"row\"  id=\"row-395536626\">\n\n\n\t<div id=\"col-992000124\" class=\"col medium-3 small-12 large-3\"  >\n\t\t\t\t<div class=\"col-inner\"  >\n\t\t\t\n\t\t\t\n\n\n\t\t<\/div>\n\t\t\t\t\t<\/div>\n\n\t\n\n\t<div id=\"col-1737043020\" class=\"col medium-7 small-12 large-7\"  >\n\t\t\t\t<div class=\"col-inner\"  >\n\t\t\t\n\t\t\t\n\n<a data-animate=\"bounceInUp\" rel=\"noopener noreferrer\" class=\"button secondary lowercase\"  style=\"border-radius:10px;\">\n    <span>(en cours de publication YouTube)<\/span>\n  <\/a>\n\n\n\n\t\t<\/div>\n\t\t\t\t\t<\/div>\n\n\t\n\n\t<div id=\"col-1452402757\" class=\"col medium-2 small-12 large-2\"  >\n\t\t\t\t<div class=\"col-inner\"  >\n\t\t\t\n\t\t\t\n\n\n\t\t<\/div>\n\t\t\t\t\t<\/div>\n\n\t\n\n<\/div>\n\n\t\t<\/div>\n\t\t\t\t\t<\/div>\n\n\t\n\n<\/div>\n<div class=\"row\"  id=\"row-976135214\">\n\n\n\t<div id=\"col-1154494586\" class=\"col medium-5 small-12 large-5\"  >\n\t\t\t\t<div class=\"col-inner\"  >\n\t\t\t\n\t\t\t\n\n\t<div class=\"img has-hover x md-x lg-x y md-y lg-y\" id=\"image_250139296\">\n\t\t\t\t\t\t\t\t<div class=\"img-inner dark\" >\n\t\t\t<img loading=\"lazy\" decoding=\"async\" width=\"709\" height=\"1024\" src=\"https:\/\/labananemusicale.fr\/wp-content\/uploads\/2024\/04\/Affiche-A2-Mini-Banane-23.24-v2-709x1024.jpg\" class=\"attachment-large size-large\" alt=\"\" srcset=\"https:\/\/labananemusicale.fr\/wp-content\/uploads\/2024\/04\/Affiche-A2-Mini-Banane-23.24-v2-709x1024.jpg 709w, https:\/\/labananemusicale.fr\/wp-content\/uploads\/2024\/04\/Affiche-A2-Mini-Banane-23.24-v2-208x300.jpg 208w, https:\/\/labananemusicale.fr\/wp-content\/uploads\/2024\/04\/Affiche-A2-Mini-Banane-23.24-v2-768x1109.jpg 768w, https:\/\/labananemusicale.fr\/wp-content\/uploads\/2024\/04\/Affiche-A2-Mini-Banane-23.24-v2-1063x1536.jpg 1063w, https:\/\/labananemusicale.fr\/wp-content\/uploads\/2024\/04\/Affiche-A2-Mini-Banane-23.24-v2-1418x2048.jpg 1418w, https:\/\/labananemusicale.fr\/wp-content\/uploads\/2024\/04\/Affiche-A2-Mini-Banane-23.24-v2-scaled.jpg 1772w\" sizes=\"auto, (max-width: 709px) 100vw, 709px\" \/>\t\t\t\t\t\t\n\t\t\t\t\t<\/div>\n\t\t\t\t\t\t\t\t\n<style>\n#image_250139296 {\n  width: 100%;\n}\n<\/style>\n\t<\/div>\n\t\n\n\n\t\t<\/div>\n\t\t\t\t\t<\/div>\n\n\t\n\n\t<div id=\"col-939540910\" class=\"col medium-7 small-12 large-7\"  >\n\t\t\t\t<div class=\"col-inner\"  >\n\t\t\t\n\t\t\t\n\n\t<div id=\"text-806873405\" class=\"text\">\n\t\t\n\n<h2 class=\"uppercase\">SAIson 2023-2024<\/h2>\n\t\t\n<style>\n#text-806873405 {\n  text-align: center;\n}\n<\/style>\n\t<\/div>\n\t\n\t<div id=\"gap-460554447\" class=\"gap-element clearfix\" style=\"display:block; height:auto;\">\n\t\t\n<style>\n#gap-460554447 {\n  padding-top: 30px;\n}\n<\/style>\n\t<\/div>\n\t\n\n<p><strong>SYNOPSIS :<\/strong>La fin de la vie \u00e9tudiante n&rsquo;est pas toute simple pour Sam. Un vrai job, une nouvelle coloc \u00e0 trouver mais surtout, la fin des tarifs \u00e9tudiants&#8230; Alors qu&rsquo;elle tente en vain de s&rsquo;\u00e9panouir et de trouver sa place dans un monde qu&rsquo;elle n&rsquo;a jamais eu \u00e0 toucher, une cacophonie pensive vient s&rsquo;installer dans sa t\u00eate. Ses espoirs, ses doutes, son ressentiment&#8230; Mais \u00e0 qui donc appartiennent ces nouvelles voix ? Voil\u00e0 un v\u00e9ritable casse-t\u00eate qu&rsquo;elle devra r\u00e9soudre aussi bien dans la vie r\u00e9elle que dans son esprit !<\/p>\n<p><strong>Dur\u00e9e :<\/strong> 1h30<\/p>\n<p><strong>Nombre d&rsquo;artistes sur sc\u00e8ne :<\/strong> 10<\/p>\n<p><strong>Musiques :<\/strong> ABBA, Grease, La La Land, Dear Evan Hansen, etc.<\/p>\n<div class=\"row\"  id=\"row-226671261\">\n\n\n\t<div id=\"col-2104449553\" class=\"col medium-3 small-12 large-3\"  >\n\t\t\t\t<div class=\"col-inner\"  >\n\t\t\t\n\t\t\t\n\n\n\t\t<\/div>\n\t\t\t\t\t<\/div>\n\n\t\n\n\t<div id=\"col-1803810913\" class=\"col medium-6 small-12 large-6\"  >\n\t\t\t\t<div class=\"col-inner\"  >\n\t\t\t\n\t\t\t\n\n<a rel=\"noopener noreferrer\" href=\"https:\/\/www.youtube.com\/playlist?list=PLM_MDLl-b6D-9v8r3mcbSy5TaGBjY493x\" target=\"_blank\" class=\"button secondary lowercase\"  style=\"border-radius:10px;\">\n    <span>Toutes les voix dans ma t\u00eate<\/span>\n  <\/a>\n\n\n\n\t\t<\/div>\n\t\t\t\t\t<\/div>\n\n\t\n\n\t<div id=\"col-353594897\" class=\"col medium-3 small-12 large-3\"  >\n\t\t\t\t<div class=\"col-inner\"  >\n\t\t\t\n\t\t\t\n\n\n\t\t<\/div>\n\t\t\t\t\t<\/div>\n\n\t\n\n<\/div>\n\n\t\t<\/div>\n\t\t\t\t\t<\/div>\n\n\t\n\n<\/div>\n<div class=\"row\"  id=\"row-44973870\">\n\n\n\t<div id=\"col-1076295271\" class=\"col medium-5 small-12 large-5\"  >\n\t\t\t\t<div class=\"col-inner\"  >\n\t\t\t\n\t\t\t\n\n\t<div class=\"img has-hover x md-x lg-x y md-y lg-y\" id=\"image_879937759\">\n\t\t\t\t\t\t\t\t<div class=\"img-inner dark\" >\n\t\t\t<img loading=\"lazy\" decoding=\"async\" width=\"765\" height=\"1024\" src=\"https:\/\/labananemusicale.fr\/wp-content\/uploads\/2024\/02\/Affiche-A2-5-765x1024.jpg\" class=\"attachment-large size-large\" alt=\"\" srcset=\"https:\/\/labananemusicale.fr\/wp-content\/uploads\/2024\/02\/Affiche-A2-5-765x1024.jpg 765w, https:\/\/labananemusicale.fr\/wp-content\/uploads\/2024\/02\/Affiche-A2-5-224x300.jpg 224w, https:\/\/labananemusicale.fr\/wp-content\/uploads\/2024\/02\/Affiche-A2-5-768x1028.jpg 768w, https:\/\/labananemusicale.fr\/wp-content\/uploads\/2024\/02\/Affiche-A2-5-1147x1536.jpg 1147w, https:\/\/labananemusicale.fr\/wp-content\/uploads\/2024\/02\/Affiche-A2-5.jpg 1262w\" sizes=\"auto, (max-width: 765px) 100vw, 765px\" \/>\t\t\t\t\t\t\n\t\t\t\t\t<\/div>\n\t\t\t\t\t\t\t\t\n<style>\n#image_879937759 {\n  width: 100%;\n}\n<\/style>\n\t<\/div>\n\t\n\n\n\t\t<\/div>\n\t\t\t\t\t<\/div>\n\n\t\n\n\t<div id=\"col-1444679011\" class=\"col medium-7 small-12 large-7\"  >\n\t\t\t\t<div class=\"col-inner\"  >\n\t\t\t\n\t\t\t\n\n\t<div id=\"text-1887992681\" class=\"text\">\n\t\t\n\n<h2 class=\"uppercase\">SAISON 2022-2023<\/h2>\n\t\t\n<style>\n#text-1887992681 {\n  text-align: center;\n}\n<\/style>\n\t<\/div>\n\t\n\t<div id=\"gap-1749382346\" class=\"gap-element clearfix\" style=\"display:block; height:auto;\">\n\t\t\n<style>\n#gap-1749382346 {\n  padding-top: 30px;\n}\n<\/style>\n\t<\/div>\n\t\n\n<p><strong>SYNOPSIS :<\/strong>Pour ses 40 ann\u00e9es d\u2019ouverture, la Banane Musicale recrute de nouveaux membres pour renflouer son staff un peu vieux. Ainsi le cabaret se retrouve du jour au lendemain avec de nouveaux danseurs, chanteurs, acteurs, jeunes dou\u00e9s et talentueux, pr\u00eat \u00e0 reprendre la rel\u00e8ve d\u00e8s que Chantal Mama, la doyenne, se verra perdre l\u2019usage de son ou\u00efe. Et pourtant, ces jeunes recrues auront beaucoup \u00e0 apprendre durant ce p\u00e9riple. En effet, la Banane Musicale est loin d\u2019\u00eatre un cabaret comme les autres. Afin de maintenir le prestige et la renomm\u00e9e du lieu, les anciens mettront \u00e0 profit leur autorit\u00e9 avec des m\u00e9thodes pour le peu&#8230;chaotiques. Rites de passage, complicit\u00e9, d\u00e9couvertes sombres, illuminations mais encore ! Chenille tu \u00e9tais, papillon paillet\u00e9 tu deviendras.<\/p>\n<p><strong>Dur\u00e9e :<\/strong> 2h10<\/p>\n<p><strong>Nombre d&rsquo;artistes sur sc\u00e8ne :<\/strong> 15<\/p>\n<p><strong>Musiques :<\/strong> All that Jazz, Candyman, Toxic, I wanna dance with somebody, etc.<\/p>\n<div class=\"row\"  id=\"row-250341641\">\n\n\n\t<div id=\"col-757717389\" class=\"col medium-3 small-12 large-3\"  >\n\t\t\t\t<div class=\"col-inner\"  >\n\t\t\t\n\t\t\t\n\n\n\t\t<\/div>\n\t\t\t\t\t<\/div>\n\n\t\n\n\t<div id=\"col-932005017\" class=\"col medium-6 small-12 large-6\"  >\n\t\t\t\t<div class=\"col-inner\"  >\n\t\t\t\n\t\t\t\n\n<a rel=\"noopener noreferrer\" href=\"https:\/\/www.youtube.com\/playlist?list=PLM_MDLl-b6D-OnhRP1aa3XO1M-LpknGQ-\" target=\"_blank\" class=\"button secondary lowercase\"  style=\"border-radius:10px;\">\n    <span>Sous les jupes des Bananes<\/span>\n  <\/a>\n\n\n\n\t\t<\/div>\n\t\t\t\t\t<\/div>\n\n\t\n\n\t<div id=\"col-253960079\" class=\"col medium-3 small-12 large-3\"  >\n\t\t\t\t<div class=\"col-inner\"  >\n\t\t\t\n\t\t\t\n\n\n\t\t<\/div>\n\t\t\t\t\t<\/div>\n\n\t\n\n<\/div>\n\n\t\t<\/div>\n\t\t\t\t\t<\/div>\n\n\t\n\n<\/div>\n<div class=\"row\"  id=\"row-1299139157\">\n\n\n\t<div id=\"col-1680706967\" class=\"col medium-5 small-12 large-5\"  >\n\t\t\t\t<div class=\"col-inner\"  >\n\t\t\t\n\t\t\t\n\n\t<div class=\"img has-hover x md-x lg-x y md-y lg-y\" id=\"image_1808720021\">\n\t\t\t\t\t\t\t\t<div class=\"img-inner dark\" >\n\t\t\t<img loading=\"lazy\" decoding=\"async\" width=\"725\" height=\"1024\" src=\"https:\/\/labananemusicale.fr\/wp-content\/uploads\/2024\/02\/Affiche-A2-2-725x1024.jpg\" class=\"attachment-large size-large\" alt=\"\" srcset=\"https:\/\/labananemusicale.fr\/wp-content\/uploads\/2024\/02\/Affiche-A2-2-725x1024.jpg 725w, https:\/\/labananemusicale.fr\/wp-content\/uploads\/2024\/02\/Affiche-A2-2-212x300.jpg 212w, https:\/\/labananemusicale.fr\/wp-content\/uploads\/2024\/02\/Affiche-A2-2-768x1084.jpg 768w, https:\/\/labananemusicale.fr\/wp-content\/uploads\/2024\/02\/Affiche-A2-2-1088x1536.jpg 1088w, https:\/\/labananemusicale.fr\/wp-content\/uploads\/2024\/02\/Affiche-A2-2.jpg 1197w\" sizes=\"auto, (max-width: 725px) 100vw, 725px\" \/>\t\t\t\t\t\t\n\t\t\t\t\t<\/div>\n\t\t\t\t\t\t\t\t\n<style>\n#image_1808720021 {\n  width: 100%;\n}\n<\/style>\n\t<\/div>\n\t\n\n\n\t\t<\/div>\n\t\t\t\t\t<\/div>\n\n\t\n\n\t<div id=\"col-592885617\" class=\"col medium-7 small-12 large-7\"  >\n\t\t\t\t<div class=\"col-inner\"  >\n\t\t\t\n\t\t\t\n\n\t<div id=\"text-3566464119\" class=\"text\">\n\t\t\n\n<h2 class=\"uppercase\">Saison 2021-2022<\/h2>\n\t\t\n<style>\n#text-3566464119 {\n  text-align: center;\n}\n<\/style>\n\t<\/div>\n\t\n\t<div id=\"gap-1391621768\" class=\"gap-element clearfix\" style=\"display:block; height:auto;\">\n\t\t\n<style>\n#gap-1391621768 {\n  padding-top: 30px;\n}\n<\/style>\n\t<\/div>\n\t\n\n<p><strong>SYNOPSIS : <span style=\"font-weight: 400;\">C\u2019est la rentr\u00e9e, les \u00e9tudiants de Licence 3 de Musicologie du campus Banane, situ\u00e9 au c\u0153ur de Nice, se pr\u00e9parent \u00e0 vivre et profiter de leurs \u00e9tudes. Arm\u00e9s de leurs instruments, partitions, et cours de th\u00e9orie musicale, Ma\u00ebl, Lily, Lune et leurs autres camarades de promo comptent bien obtenir leur dipl\u00f4me. Mais ils souhaitent avant tout chanter, danser et s\u2019amuser de toutes les mani\u00e8res possibles\u00a0! D\u2019ailleurs, Mme. Candylight, leur professeure de com\u00e9dies musicales leur a pr\u00e9par\u00e9 une surprise. Elle a choisi de les faire travailler sur les musiques <\/span><i><span style=\"font-weight: 400;\">d\u2019High School Musical<\/span><\/i><span style=\"font-weight: 400;\">, cette c\u00e9l\u00e8bre s\u00e9rie de film qui a fait chavirer le c\u0153ur de tous les pr\u00e9pub\u00e8res de l\u2019\u00e9poque. Bien que r\u00e9ticents au premier abord, les \u00e9tudiants s\u2019appr\u00eatent \u00e0 vivre une exp\u00e9rience musicale hors de toute appr\u00e9hension et id\u00e9e re\u00e7ue. Les th\u00e8mes abord\u00e9s seront \u00e9troitement li\u00e9s \u00e0 ce qu\u2019ils vivront int\u00e9rieurement. Et comme Mme. Candylight aime souvent le dire\u00a0\u00ab\u00a0c\u2019est en ouvrant les portes de ma salle de cours, qu\u2019on ouvre les portes de son c\u0153ur\u00a0\u00bb.\u00a0 Mais alors qu\u2019ils finissaient leur r\u00e9union de rentr\u00e9e universitaire, Simon, un nouvel \u00e9tudiant, interrompu la fin du cours pr\u00e9textant s\u2019\u00eatre perdu. Il finit par s\u2019asseoir \u00e0 c\u00f4t\u00e9 de Ma\u00ebl sous le regard intrigu\u00e9 de Lily et Lune. Entre musiques romantiques et chansons niaises, l\u2019ann\u00e9e semble s\u2019annoncer bien chiante, mais c\u2019\u00e9tait sans compter sur la nouvelle pr\u00e9sence de Simon, qui allait, sans le vouloir, leur rajouter des d\u00e9fis \u00e0 leur hauteur.<\/span><\/strong><\/p>\n<p><strong>Dur\u00e9e :<\/strong> 1h30<\/p>\n<p><strong>Nombre d&rsquo;artistes sur sc\u00e8ne :<\/strong> 13<\/p>\n<p><strong>Musiques :<\/strong> High School Musical, etc.<\/p>\n<div class=\"row\"  id=\"row-2003663128\">\n\n\n\t<div id=\"col-861699064\" class=\"col medium-3 small-12 large-3\"  >\n\t\t\t\t<div class=\"col-inner\"  >\n\t\t\t\n\t\t\t\n\n\n\t\t<\/div>\n\t\t\t\t\t<\/div>\n\n\t\n\n\t<div id=\"col-1287794344\" class=\"col medium-6 small-12 large-6\"  >\n\t\t\t\t<div class=\"col-inner\"  >\n\t\t\t\n\t\t\t\n\n<a rel=\"noopener noreferrer\" href=\"https:\/\/www.youtube.com\/playlist?list=PLM_MDLl-b6D9t2FU3w6OY9osaHlEOB47a\" target=\"_blank\" class=\"button secondary lowercase\"  style=\"border-radius:10px;\">\n    <span>On n'est pas dans High School Musical<\/span>\n  <\/a>\n\n\n\n\t\t<\/div>\n\t\t\t\t\t<\/div>\n\n\t\n\n\t<div id=\"col-1900899157\" class=\"col medium-3 small-12 large-3\"  >\n\t\t\t\t<div class=\"col-inner\"  >\n\t\t\t\n\t\t\t\n\n\n\t\t<\/div>\n\t\t\t\t\t<\/div>\n\n\t\n\n<\/div>\n\n\t\t<\/div>\n\t\t\t\t\t<\/div>\n\n\t\n\n<\/div>\n<div class=\"row\"  id=\"row-164952056\">\n\n\n\t<div id=\"col-1122690710\" class=\"col medium-5 small-12 large-5\"  >\n\t\t\t\t<div class=\"col-inner\"  >\n\t\t\t\n\t\t\t\n\n\t<div class=\"img has-hover x md-x lg-x y md-y lg-y\" id=\"image_1524445491\">\n\t\t\t\t\t\t\t\t<div class=\"img-inner dark\" >\n\t\t\t<img loading=\"lazy\" decoding=\"async\" width=\"725\" height=\"1024\" src=\"https:\/\/labananemusicale.fr\/wp-content\/uploads\/2024\/02\/Affiche-A2-La-banane-Musicale-1-725x1024.jpg\" class=\"attachment-large size-large\" alt=\"\" srcset=\"https:\/\/labananemusicale.fr\/wp-content\/uploads\/2024\/02\/Affiche-A2-La-banane-Musicale-1-725x1024.jpg 725w, https:\/\/labananemusicale.fr\/wp-content\/uploads\/2024\/02\/Affiche-A2-La-banane-Musicale-1-212x300.jpg 212w, https:\/\/labananemusicale.fr\/wp-content\/uploads\/2024\/02\/Affiche-A2-La-banane-Musicale-1-768x1084.jpg 768w, https:\/\/labananemusicale.fr\/wp-content\/uploads\/2024\/02\/Affiche-A2-La-banane-Musicale-1-1088x1536.jpg 1088w, https:\/\/labananemusicale.fr\/wp-content\/uploads\/2024\/02\/Affiche-A2-La-banane-Musicale-1.jpg 1197w\" sizes=\"auto, (max-width: 725px) 100vw, 725px\" \/>\t\t\t\t\t\t\n\t\t\t\t\t<\/div>\n\t\t\t\t\t\t\t\t\n<style>\n#image_1524445491 {\n  width: 100%;\n}\n<\/style>\n\t<\/div>\n\t\n\n\n\t\t<\/div>\n\t\t\t\t\t<\/div>\n\n\t\n\n\t<div id=\"col-487292428\" class=\"col medium-7 small-12 large-7\"  >\n\t\t\t\t<div class=\"col-inner\"  >\n\t\t\t\n\t\t\t\n\n\t<div id=\"text-1499227911\" class=\"text\">\n\t\t\n\n<h2 class=\"uppercase\">SAISON 2020-2021<\/h2>\n\t\t\n<style>\n#text-1499227911 {\n  text-align: center;\n}\n<\/style>\n\t<\/div>\n\t\n\t<div id=\"gap-1262270889\" class=\"gap-element clearfix\" style=\"display:block; height:auto;\">\n\t\t\n<style>\n#gap-1262270889 {\n  padding-top: 30px;\n}\n<\/style>\n\t<\/div>\n\t\n\n\t<div id=\"gap-216294694\" class=\"gap-element clearfix\" style=\"display:block; height:auto;\">\n\t\t\n<style>\n#gap-216294694 {\n  padding-top: 30px;\n}\n<\/style>\n\t<\/div>\n\t\n\n<p><strong>SYNOPSIS : <\/strong>Une nouvelle compagnie de com\u00e9die musicale d\u00e9barque \u00e0 Nice dans l\u2019espoir de mettre des paillettes dans les yeux des gens. Les auditions attirent l\u2019attention de nombreuses personnes amatrices r\u00eavant de sentir le parquet de la sc\u00e8ne sous leur pied. Ils s\u2019appellent Rose, Thomas, Mike, Astride, Arthur et Marie et ils sont encore loin de s\u2019imaginer dans quelle aventure ils se sont embarqu\u00e9s. Remise en question, d\u00e9couverte de soi ou batailles int\u00e9rieures, vont-ils vraiment r\u00e9ussir \u00e0 aller au bout de ce voyage musical riche en \u00e9motions ?<\/p>\n<p><strong>Dur\u00e9e :<\/strong> 1h30<\/p>\n<p><strong>Nombre d&rsquo;artistes sur sc\u00e8ne :<\/strong> 7<\/p>\n<p><strong>Musiques :<\/strong> La La Land, The greatest Showman, Rent, Dear Evan Hanson, etc.<\/p>\n<p><strong>Nombre de chor\u00e9graphies :<\/strong> 2<\/p>\n\t<div id=\"gap-610999353\" class=\"gap-element clearfix\" style=\"display:block; height:auto;\">\n\t\t\n<style>\n#gap-610999353 {\n  padding-top: 60px;\n}\n<\/style>\n\t<\/div>\n\t\n\n<div class=\"row\"  id=\"row-779707882\">\n\n\n\t<div id=\"col-1269700728\" class=\"col medium-3 small-12 large-3\"  >\n\t\t\t\t<div class=\"col-inner\"  >\n\t\t\t\n\t\t\t\n\n\n\t\t<\/div>\n\t\t\t\t\t<\/div>\n\n\t\n\n\t<div id=\"col-1820442775\" class=\"col medium-7 small-12 large-7\"  >\n\t\t\t\t<div class=\"col-inner\"  >\n\t\t\t\n\t\t\t\n\n<a data-animate=\"bounceInUp\" rel=\"noopener noreferrer\" href=\"https:\/\/www.youtube.com\/playlist?list=PLM_MDLl-b6D8ODO_OfAkhZllO9Xf55yZF\" target=\"_blank\" class=\"button secondary lowercase\"  style=\"border-radius:10px;\">\n    <span>Comme une odeur de fruit<\/span>\n  <\/a>\n\n\n\n\t\t<\/div>\n\t\t\t\t\t<\/div>\n\n\t\n\n\t<div id=\"col-847038928\" class=\"col medium-2 small-12 large-2\"  >\n\t\t\t\t<div class=\"col-inner\"  >\n\t\t\t\n\t\t\t\n\n\n\t\t<\/div>\n\t\t\t\t\t<\/div>\n\n\t\n\n<\/div>\n\n\t\t<\/div>\n\t\t\t\t\t<\/div>\n\n\t\n\n<\/div>\n\n","protected":false},"excerpt":{"rendered":"","protected":false},"author":1,"featured_media":0,"parent":0,"menu_order":0,"comment_status":"closed","ping_status":"closed","template":"","meta":{"_monsterinsights_skip_tracking":false,"_monsterinsights_sitenote_active":false,"_monsterinsights_sitenote_note":"","_monsterinsights_sitenote_category":0,"footnotes":""},"class_list":["post-34","page","type-page","status-publish","hentry"],"aioseo_notices":[],"_links":{"self":[{"href":"https:\/\/labananemusicale.fr\/index.php\/wp-json\/wp\/v2\/pages\/34","targetHints":{"allow":["GET"]}}],"collection":[{"href":"https:\/\/labananemusicale.fr\/index.php\/wp-json\/wp\/v2\/pages"}],"about":[{"href":"https:\/\/labananemusicale.fr\/index.php\/wp-json\/wp\/v2\/types\/page"}],"author":[{"embeddable":true,"href":"https:\/\/labananemusicale.fr\/index.php\/wp-json\/wp\/v2\/users\/1"}],"replies":[{"embeddable":true,"href":"https:\/\/labananemusicale.fr\/index.php\/wp-json\/wp\/v2\/comments?post=34"}],"version-history":[{"count":16,"href":"https:\/\/labananemusicale.fr\/index.php\/wp-json\/wp\/v2\/pages\/34\/revisions"}],"predecessor-version":[{"id":365,"href":"https:\/\/labananemusicale.fr\/index.php\/wp-json\/wp\/v2\/pages\/34\/revisions\/365"}],"wp:attachment":[{"href":"https:\/\/labananemusicale.fr\/index.php\/wp-json\/wp\/v2\/media?parent=34"}],"curies":[{"name":"wp","href":"https:\/\/api.w.org\/{rel}","templated":true}]}}