{"id":19,"date":"2023-12-21T00:23:04","date_gmt":"2023-12-20T23:23:04","guid":{"rendered":"https:\/\/labananemusicale.fr\/?page_id=19"},"modified":"2025-08-27T14:36:34","modified_gmt":"2025-08-27T12:36:34","slug":"troupe-pro","status":"publish","type":"page","link":"https:\/\/labananemusicale.fr\/index.php\/troupe-pro\/","title":{"rendered":"Troupe pro"},"content":{"rendered":"\n<div class=\"container section-title-container\" ><h3 class=\"section-title section-title-center\"><b><\/b><span class=\"section-title-main\" >La troupe pro de la banane<\/span><b><\/b><\/h3><\/div>\n\n\t<section class=\"section\" id=\"section_1534056361\">\n\t\t<div class=\"bg section-bg fill bg-fill  bg-loaded\" >\n\n\t\t\t\n\t\t\t\n\t\t\t\n\t<div class=\"is-border\"\n\t\tstyle=\"border-color:rgb(235, 235, 235);border-width:1px 0px 0px 0px;\">\n\t<\/div>\n\n\t\t<\/div>\n\n\t\t\n\n\t\t<div class=\"section-content relative\">\n\t\t\t\n\n<div class=\"row row-large align-middle align-center\"  id=\"row-1574745320\">\n\n\n\t<div id=\"col-274456900\" class=\"col medium-5 small-12 large-5\"  >\n\t\t\t\t<div class=\"col-inner text-center dark\"  >\n\t\t\t\n\t\t\t\n\n\t<div id=\"text-943102570\" class=\"text\">\n\t\t\n\n<p><strong>La Banane est une troupe dans laquelle les artistes pr\u00e9parent un catalogue de spectacle \u00e0 des fins professionnelles. Elle est compos\u00e9e de 6 membres permanents et sont dirig\u00e9s par le directeur.<\/strong><\/p>\n\t\t\n<style>\n#text-943102570 {\n  font-size: 1.2rem;\n  line-height: 1.55;\n  color: rgb(0, 0, 0);\n}\n#text-943102570 > * {\n  color: rgb(0, 0, 0);\n}\n<\/style>\n\t<\/div>\n\t\n<a href=\"https:\/\/labananemusicale.fr\/index.php\/les-spectacles-2\/\" target=\"_self\" class=\"button alert\"  style=\"border-radius:99px;padding:0px 0px 0px 0px;\">\n    <span>Nos spectacles<\/span>\n  <\/a>\n\n\n<a href=\"https:\/\/labananemusicale.fr\/index.php\/les-artistes-2\/\" target=\"_self\" class=\"button alert\"  style=\"border-radius:99px;\">\n    <span>Nos artistes pro<\/span>\n  <\/a>\n\n\n\n\t\t<\/div>\n\t\t\t\t\t<\/div>\n\n\t\n\n\t<div id=\"col-542604195\" class=\"col medium-5 small-12 large-5\"  >\n\t\t\t\t<div class=\"col-inner\"  >\n\t\t\t\n\t\t\t\n\n\t<div class=\"img has-hover x md-x lg-x y md-y lg-y\" id=\"image_1901892623\">\n\t\t\t\t\t\t\t\t<div class=\"img-inner image-zoom dark\" >\n\t\t\t<img loading=\"lazy\" decoding=\"async\" width=\"1020\" height=\"748\" src=\"https:\/\/labananemusicale.fr\/wp-content\/uploads\/2024\/04\/20240120_220712-1-1024x751.jpg\" class=\"attachment-large size-large\" alt=\"\" srcset=\"https:\/\/labananemusicale.fr\/wp-content\/uploads\/2024\/04\/20240120_220712-1-1024x751.jpg 1024w, https:\/\/labananemusicale.fr\/wp-content\/uploads\/2024\/04\/20240120_220712-1-300x220.jpg 300w, https:\/\/labananemusicale.fr\/wp-content\/uploads\/2024\/04\/20240120_220712-1-768x564.jpg 768w, https:\/\/labananemusicale.fr\/wp-content\/uploads\/2024\/04\/20240120_220712-1-1536x1127.jpg 1536w, https:\/\/labananemusicale.fr\/wp-content\/uploads\/2024\/04\/20240120_220712-1-2048x1503.jpg 2048w\" sizes=\"auto, (max-width: 1020px) 100vw, 1020px\" \/>\t\t\t\t\t\t\n\t\t\t\t\t<\/div>\n\t\t\t\t\t\t\t\t\n<style>\n#image_1901892623 {\n  width: 100%;\n}\n<\/style>\n\t<\/div>\n\t\n\n\n\t\t<\/div>\n\t\t\t\t\t<\/div>\n\n\t\n\n<\/div>\n\n\t\t<\/div>\n\n\t\t\n<style>\n#section_1534056361 {\n  padding-top: 39px;\n  padding-bottom: 39px;\n  min-height: 200px;\n  background-color: rgb(223, 215, 157);\n}\n#section_1534056361 .ux-shape-divider--top svg {\n  height: 150px;\n  --divider-top-width: 100%;\n}\n#section_1534056361 .ux-shape-divider--bottom svg {\n  height: 150px;\n  --divider-width: 100%;\n}\n<\/style>\n\t<\/section>\n\t\n\n","protected":false},"excerpt":{"rendered":"","protected":false},"author":1,"featured_media":0,"parent":0,"menu_order":0,"comment_status":"closed","ping_status":"closed","template":"","meta":{"_monsterinsights_skip_tracking":false,"_monsterinsights_sitenote_active":false,"_monsterinsights_sitenote_note":"","_monsterinsights_sitenote_category":0,"footnotes":""},"class_list":["post-19","page","type-page","status-publish","hentry"],"aioseo_notices":[],"_links":{"self":[{"href":"https:\/\/labananemusicale.fr\/index.php\/wp-json\/wp\/v2\/pages\/19","targetHints":{"allow":["GET"]}}],"collection":[{"href":"https:\/\/labananemusicale.fr\/index.php\/wp-json\/wp\/v2\/pages"}],"about":[{"href":"https:\/\/labananemusicale.fr\/index.php\/wp-json\/wp\/v2\/types\/page"}],"author":[{"embeddable":true,"href":"https:\/\/labananemusicale.fr\/index.php\/wp-json\/wp\/v2\/users\/1"}],"replies":[{"embeddable":true,"href":"https:\/\/labananemusicale.fr\/index.php\/wp-json\/wp\/v2\/comments?post=19"}],"version-history":[{"count":12,"href":"https:\/\/labananemusicale.fr\/index.php\/wp-json\/wp\/v2\/pages\/19\/revisions"}],"predecessor-version":[{"id":409,"href":"https:\/\/labananemusicale.fr\/index.php\/wp-json\/wp\/v2\/pages\/19\/revisions\/409"}],"wp:attachment":[{"href":"https:\/\/labananemusicale.fr\/index.php\/wp-json\/wp\/v2\/media?parent=19"}],"curies":[{"name":"wp","href":"https:\/\/api.w.org\/{rel}","templated":true}]}}